{"id":83,"date":"2023-01-02T18:14:34","date_gmt":"2023-01-02T17:14:34","guid":{"rendered":"https:\/\/serhatcokgezen.de\/?page_id=83"},"modified":"2026-01-07T11:36:45","modified_gmt":"2026-01-07T10:36:45","slug":"impressum","status":"publish","type":"page","link":"https:\/\/serhatcokgezen.de\/tr\/impressum\/","title":{"rendered":"K\u00fcnye"},"content":{"rendered":"<div data-elementor-type=\"wp-page\" data-elementor-id=\"83\" class=\"elementor elementor-83\">\n\t\t\t\t\t\t\t\t\t<section class=\"elementor-section elementor-top-section elementor-element elementor-element-163c306 elementor-section-boxed elementor-section-height-default elementor-section-height-default\" data-id=\"163c306\" data-element_type=\"section\">\n\t\t\t\t\t\t\t<div class=\"elementor-background-overlay\"><\/div>\n\t\t\t\t\t\t\t<div class=\"elementor-container elementor-column-gap-default\">\n\t\t\t\t\t<div class=\"elementor-column elementor-col-100 elementor-top-column elementor-element elementor-element-72c376a\" data-id=\"72c376a\" data-element_type=\"column\">\n\t\t\t<div class=\"elementor-widget-wrap elementor-element-populated\">\n\t\t\t\t\t\t\t\t<section class=\"elementor-section elementor-inner-section elementor-element elementor-element-3dec660 elementor-section-boxed elementor-section-height-default elementor-section-height-default\" data-id=\"3dec660\" data-element_type=\"section\">\n\t\t\t\t\t\t<div class=\"elementor-container elementor-column-gap-default\">\n\t\t\t\t\t<div class=\"elementor-column elementor-col-50 elementor-inner-column elementor-element elementor-element-f3d3fe7\" data-id=\"f3d3fe7\" data-element_type=\"column\">\n\t\t\t<div class=\"elementor-widget-wrap elementor-element-populated\">\n\t\t\t\t\t\t\t\t<div class=\"elementor-element elementor-element-bade320 elementor-widget elementor-widget-heading\" data-id=\"bade320\" data-element_type=\"widget\" data-widget_type=\"heading.default\">\n\t\t\t\t<div class=\"elementor-widget-container\">\n\t\t\t<style>\/*! elementor - v3.13.2 - 11-05-2023 *\/\n.elementor-heading-title{padding:0;margin:0;line-height:1}.elementor-widget-heading .elementor-heading-title[class*=elementor-size-]>a{color:inherit;font-size:inherit;line-height:inherit}.elementor-widget-heading .elementor-heading-title.elementor-size-small{font-size:15px}.elementor-widget-heading .elementor-heading-title.elementor-size-medium{font-size:19px}.elementor-widget-heading .elementor-heading-title.elementor-size-large{font-size:29px}.elementor-widget-heading .elementor-heading-title.elementor-size-xl{font-size:39px}.elementor-widget-heading .elementor-heading-title.elementor-size-xxl{font-size:59px}<\/style><h2 class=\"elementor-heading-title elementor-size-default\">Serhat<br>\nCokgezen<\/h2>\t\t<\/div>\n\t\t\t\t<\/div>\n\t\t\t\t\t<\/div>\n\t\t<\/div>\n\t\t\t\t<div class=\"elementor-column elementor-col-50 elementor-inner-column elementor-element elementor-element-f89c96b\" data-id=\"f89c96b\" data-element_type=\"column\">\n\t\t\t<div class=\"elementor-widget-wrap elementor-element-populated\">\n\t\t\t\t\t\t\t\t<div class=\"elementor-element elementor-element-29190e9 elementor-nav-menu__align-right elementor-nav-menu--stretch elementor-nav-menu__text-align-center elementor-nav-menu--dropdown-tablet elementor-nav-menu--toggle elementor-nav-menu--burger elementor-widget elementor-widget-nav-menu\" data-id=\"29190e9\" data-element_type=\"widget\" data-settings=\"{&quot;full_width&quot;:&quot;stretch&quot;,&quot;layout&quot;:&quot;horizontal&quot;,&quot;submenu_icon&quot;:{&quot;value&quot;:&quot;&lt;i class=\\&quot;fas fa-caret-down\\&quot;&gt;&lt;\\\/i&gt;&quot;,&quot;library&quot;:&quot;fa-solid&quot;},&quot;toggle&quot;:&quot;burger&quot;}\" data-widget_type=\"nav-menu.default\">\n\t\t\t\t<div class=\"elementor-widget-container\">\n\t\t\t<link rel=\"stylesheet\" href=\"https:\/\/serhatcokgezen.de\/wp-content\/plugins\/elementor-pro\/assets\/css\/widget-nav-menu.min.css\">\t\t\t<nav class=\"elementor-nav-menu--main elementor-nav-menu__container elementor-nav-menu--layout-horizontal e--pointer-underline e--animation-fade\">\n\t\t\t\t<ul id=\"menu-1-29190e9\" class=\"elementor-nav-menu\"><li class=\"menu-item menu-item-type-post_type menu-item-object-page menu-item-home menu-item-69\"><a href=\"https:\/\/serhatcokgezen.de\/tr\/\" class=\"elementor-item\">Ana Sayfa<\/a><\/li>\n<li class=\"menu-item menu-item-type-custom menu-item-object-custom menu-item-200\"><a href=\"#\" class=\"elementor-item elementor-item-anchor\">Biyografi<\/a><\/li>\n<li class=\"menu-item menu-item-type-custom menu-item-object-custom menu-item-201\"><a href=\"#\" class=\"elementor-item elementor-item-anchor\">\u00d6z ge\u00e7mi\u015f<\/a><\/li>\n<li class=\"menu-item menu-item-type-custom menu-item-object-custom menu-item-70\"><a href=\"\/tr\/#showreel\" class=\"elementor-item elementor-item-anchor\">Showreel<\/a><\/li>\n<li class=\"menu-item menu-item-type-custom menu-item-object-custom menu-item-211\"><a href=\"#\" class=\"elementor-item elementor-item-anchor\">Foto\u011fraflar<\/a><\/li>\n<li class=\"menu-item menu-item-type-custom menu-item-object-custom menu-item-72\"><a href=\"\/tr\/#youtube\" class=\"elementor-item elementor-item-anchor\">YouTube<\/a><\/li>\n<li class=\"menu-item menu-item-type-custom menu-item-object-custom menu-item-71\"><a href=\"\/tr\/#kontakt\" class=\"elementor-item elementor-item-anchor\">\u0130leti\u015fim<\/a><\/li>\n<li class=\"trp-language-switcher-container menu-item menu-item-type-post_type menu-item-object-language_switcher menu-item-171\"><a href=\"https:\/\/serhatcokgezen.de\/wp-json\/wp\/v2\/pages\/83\/\" class=\"elementor-item elementor-item-anchor\"><span data-no-translation><img loading=\"lazy\" decoding=\"async\" class=\"trp-flag-image\" src=\"https:\/\/serhatcokgezen.de\/wp-content\/plugins\/translatepress-multilingual\/assets\/images\/flags\/de_DE.png\" width=\"18\" height=\"12\" alt=\"de_DE\" title=\"Deutsch\"><\/span><\/a><\/li>\n<\/ul>\t\t\t<\/nav>\n\t\t\t\t\t<div class=\"elementor-menu-toggle\" role=\"button\" tabindex=\"0\" aria-label=\"Menu Toggle\" aria-expanded=\"false\">\n\t\t\t<i aria-hidden=\"true\" role=\"presentation\" class=\"elementor-menu-toggle__icon--open eicon-menu-bar\"><\/i><i aria-hidden=\"true\" role=\"presentation\" class=\"elementor-menu-toggle__icon--close eicon-close\"><\/i>\t\t\t<span class=\"elementor-screen-only\">Menu<\/span>\n\t\t<\/div>\n\t\t\t\t\t<nav class=\"elementor-nav-menu--dropdown elementor-nav-menu__container\" aria-hidden=\"true\">\n\t\t\t\t<ul id=\"menu-2-29190e9\" class=\"elementor-nav-menu\"><li class=\"menu-item menu-item-type-post_type menu-item-object-page menu-item-home menu-item-69\"><a href=\"https:\/\/serhatcokgezen.de\/tr\/\" class=\"elementor-item\" tabindex=\"-1\">Ana Sayfa<\/a><\/li>\n<li class=\"menu-item menu-item-type-custom menu-item-object-custom menu-item-200\"><a href=\"#\" class=\"elementor-item elementor-item-anchor\" tabindex=\"-1\">Biyografi<\/a><\/li>\n<li class=\"menu-item menu-item-type-custom menu-item-object-custom menu-item-201\"><a href=\"#\" class=\"elementor-item elementor-item-anchor\" tabindex=\"-1\">\u00d6z ge\u00e7mi\u015f<\/a><\/li>\n<li class=\"menu-item menu-item-type-custom menu-item-object-custom menu-item-70\"><a href=\"\/tr\/#showreel\" class=\"elementor-item elementor-item-anchor\" tabindex=\"-1\">Showreel<\/a><\/li>\n<li class=\"menu-item menu-item-type-custom menu-item-object-custom menu-item-211\"><a href=\"#\" class=\"elementor-item elementor-item-anchor\" tabindex=\"-1\">Foto\u011fraflar<\/a><\/li>\n<li class=\"menu-item menu-item-type-custom menu-item-object-custom menu-item-72\"><a href=\"\/tr\/#youtube\" class=\"elementor-item elementor-item-anchor\" tabindex=\"-1\">YouTube<\/a><\/li>\n<li class=\"menu-item menu-item-type-custom menu-item-object-custom menu-item-71\"><a href=\"\/tr\/#kontakt\" class=\"elementor-item elementor-item-anchor\" tabindex=\"-1\">\u0130leti\u015fim<\/a><\/li>\n<li class=\"trp-language-switcher-container menu-item menu-item-type-post_type menu-item-object-language_switcher menu-item-171\"><a href=\"https:\/\/serhatcokgezen.de\/wp-json\/wp\/v2\/pages\/83\/\" class=\"elementor-item elementor-item-anchor\" tabindex=\"-1\"><span data-no-translation><img loading=\"lazy\" decoding=\"async\" class=\"trp-flag-image\" src=\"https:\/\/serhatcokgezen.de\/wp-content\/plugins\/translatepress-multilingual\/assets\/images\/flags\/de_DE.png\" width=\"18\" height=\"12\" alt=\"de_DE\" title=\"Deutsch\"><\/span><\/a><\/li>\n<\/ul>\t\t\t<\/nav>\n\t\t\t\t<\/div>\n\t\t\t\t<\/div>\n\t\t\t\t\t<\/div>\n\t\t<\/div>\n\t\t\t\t\t\t\t<\/div>\n\t\t<\/section>\n\t\t\t\t\t<\/div>\n\t\t<\/div>\n\t\t\t\t\t\t\t<\/div>\n\t\t<\/section>\n\t\t\t\t<section class=\"elementor-section elementor-top-section elementor-element elementor-element-c103a26 elementor-section-boxed elementor-section-height-default elementor-section-height-default\" data-id=\"c103a26\" data-element_type=\"section\">\n\t\t\t\t\t\t<div class=\"elementor-container elementor-column-gap-default\">\n\t\t\t\t\t<div class=\"elementor-column elementor-col-100 elementor-top-column elementor-element elementor-element-7891684\" data-id=\"7891684\" data-element_type=\"column\">\n\t\t\t<div class=\"elementor-widget-wrap elementor-element-populated\">\n\t\t\t\t\t\t\t\t<div class=\"elementor-element elementor-element-f09ecd0 elementor-widget elementor-widget-heading\" data-id=\"f09ecd0\" data-element_type=\"widget\" data-widget_type=\"heading.default\">\n\t\t\t\t<div class=\"elementor-widget-container\">\n\t\t\t<h2 class=\"elementor-heading-title elementor-size-default\">K\u00fcnye<\/h2>\t\t<\/div>\n\t\t\t\t<\/div>\n\t\t\t\t<div class=\"elementor-element elementor-element-97106d3 elementor-widget elementor-widget-text-editor\" data-id=\"97106d3\" data-element_type=\"widget\" data-widget_type=\"text-editor.default\">\n\t\t\t\t<div class=\"elementor-widget-container\">\n\t\t\t<style>\/*! elementor - v3.13.2 - 11-05-2023 *\/\n.elementor-widget-text-editor.elementor-drop-cap-view-stacked .elementor-drop-cap{background-color:#69727d;color:#fff}.elementor-widget-text-editor.elementor-drop-cap-view-framed .elementor-drop-cap{color:#69727d;border:3px solid;background-color:transparent}.elementor-widget-text-editor:not(.elementor-drop-cap-view-default) .elementor-drop-cap{margin-top:8px}.elementor-widget-text-editor:not(.elementor-drop-cap-view-default) .elementor-drop-cap-letter{width:1em;height:1em}.elementor-widget-text-editor .elementor-drop-cap{float:left;text-align:center;line-height:1;font-size:50px}.elementor-widget-text-editor .elementor-drop-cap-letter{display:inline-block}<\/style>\t\t\t\t<p>Sultan \u00c7okgezen<br \/>Komedi Soka\u011f\u0131 52<br \/>50667 K\u00f6ln<\/p><p><u>\u0130leti\u015fim:<\/u><\/p><p>Telefon: 0162 3662942<\/p><p>E-posta: serhatcokgezen84@hotmail.de<\/p><p><span style=\"text-decoration: underline;\">Foto\u011fraf\u00e7\u0131l\u0131k:<\/span><\/p><p>Kas\u0131rga G\u00fcrlek <br \/>GURLEK FOTO\u011eRAF\u00c7ILIK <br \/>Instagram: Mr.gurlek_<br \/>TEL: +49 174 8727703<\/p><p><span style=\"text-decoration: underline;\">Videografi:<\/span><\/p><p>Thomas Kr\u00fcger<span style=\"text-decoration: underline;\"><br \/><\/span>T.K. Sinematik<span style=\"text-decoration: underline;\"><br \/><\/span>i\u00e7in <a href=\"https:\/\/instagram.com\/tk.cinematics_videos?igshid=YmMyMTA2M2Y=\" target=\"_blank\" rel=\"noopener\">Instagram profili<\/a><\/p><p><strong>Sorumluluk reddi:<\/strong><\/p><p><u>\u0130\u00e7indekiler i\u00e7in sorumluluk<\/u><\/p><p>Web sitemizin t\u00fcm i\u00e7eri\u011fi b\u00fcy\u00fck bir \u00f6zenle ve bilgimiz dahilinde olu\u015fturulmu\u015ftur. Ancak, i\u00e7eriklerin do\u011frulu\u011funu, eksiksizli\u011fini ve g\u00fcncelli\u011fini garanti edemeyiz. Bir hizmet sa\u011flay\u0131c\u0131 olarak, Alman Telemedya Yasas\u0131 (TMG) Madde 7 (1) uyar\u0131nca genel yasalara uygun olarak bu sayfalardaki kendi i\u00e7eri\u011fimizden sorumluyuz. Bununla birlikte, TMG \u00a7\u00a7 8 ila 10 uyar\u0131nca, bir hizmet sa\u011flay\u0131c\u0131 olarak iletilen veya saklanan \u00fc\u00e7\u00fcnc\u00fc taraf bilgilerini izlemek veya yasa d\u0131\u015f\u0131 faaliyetlere i\u015faret eden durumlar\u0131 ara\u015ft\u0131rmak zorunda de\u011filiz. Genel yasalara g\u00f6re bilgilerin kullan\u0131m\u0131n\u0131 kald\u0131rma veya engelleme y\u00fck\u00fcml\u00fcl\u00fckleri bundan etkilenmez.<\/p><p>Ancak, bu konudaki sorumluluk sadece somut bir ihlalin fark\u0131na vard\u0131\u011f\u0131m\u0131z andan itibaren m\u00fcmk\u00fcnd\u00fcr. Yukar\u0131da belirtilen ihlallerin fark\u0131na vard\u0131ktan sonra, bu i\u00e7eri\u011fi derhal kald\u0131raca\u011f\u0131z.<\/p><p><u>Harici ba\u011flant\u0131lar i\u00e7in sorumlulu\u011fun s\u0131n\u0131rland\u0131r\u0131lmas\u0131<\/u><\/p><p>Web sitemiz \u00fc\u00e7\u00fcnc\u00fc taraflara ait harici web sitelerine ba\u011flant\u0131lar i\u00e7ermektedir. Bu do\u011frudan veya dolayl\u0131 ba\u011flant\u0131l\u0131 web sitelerinin i\u00e7eri\u011fi \u00fczerinde hi\u00e7bir etkimiz yoktur. Bu nedenle, \"harici ba\u011flant\u0131lar\u0131n\" i\u00e7eri\u011finin do\u011frulu\u011funu garanti edemeyiz. Harici ba\u011flant\u0131lar\u0131n i\u00e7eri\u011finden sayfalar\u0131n ilgili sa\u011flay\u0131c\u0131lar\u0131 veya operat\u00f6rleri (yazarlar\u0131) sorumludur.<\/p><p>D\u0131\u015f ba\u011flant\u0131lar, ba\u011flant\u0131 verildi\u011fi s\u0131rada olas\u0131 yasal ihlallere kar\u015f\u0131 kontrol edilmi\u015ftir ve ba\u011flant\u0131 verildi\u011fi s\u0131rada yasa d\u0131\u015f\u0131 i\u00e7erik i\u00e7ermemektedir. Harici ba\u011flant\u0131lar\u0131n i\u00e7eriklerinin s\u00fcrekli olarak g\u00f6zden ge\u00e7irilmesi, yasalar\u0131n ihlal edildi\u011fine dair somut kan\u0131tlar olmadan m\u00fcmk\u00fcn de\u011fildir. Sorumluluk alan\u0131m\u0131z d\u0131\u015f\u0131nda kalan \u00fc\u00e7\u00fcnc\u00fc taraflar\u0131n web sitelerine do\u011frudan veya dolayl\u0131 ba\u011flant\u0131lar s\u00f6z konusu oldu\u011funda, bir sorumluluk y\u00fck\u00fcml\u00fcl\u00fc\u011f\u00fc yaln\u0131zca i\u00e7erikten haberdar olmam\u0131z ve yasad\u0131\u015f\u0131 i\u00e7erik durumunda kullan\u0131m\u0131 \u00f6nlememizin teknik olarak m\u00fcmk\u00fcn ve makul olmas\u0131 durumunda mevcut olacakt\u0131r.<\/p><p>Bu feragatname kendi web sitemiz i\u00e7inde de ge\u00e7erlidir \"<em>Alan ad\u0131n\u0131z\u0131n ad\u0131<\/em>\" soru soranlar, blog yazarlar\u0131, tart\u0131\u015fma forumunun konuklar\u0131 taraf\u0131ndan. Yasad\u0131\u015f\u0131, yanl\u0131\u015f veya eksik i\u00e7erikten ve \u00f6zellikle bu t\u00fcr bilgilerin kullan\u0131m\u0131ndan veya kullan\u0131lmamas\u0131ndan kaynaklanan zararlardan, yaln\u0131zca ilgili yay\u0131na ba\u011flant\u0131lar arac\u0131l\u0131\u011f\u0131yla at\u0131fta bulunan ki\u015fi de\u011fil, at\u0131fta bulunulan sayfan\u0131n hizmet sa\u011flay\u0131c\u0131s\u0131 sorumlu olacakt\u0131r.<\/p><p>Herhangi bir yasal ihlalden haberdar olursak, harici ba\u011flant\u0131lar\u0131 derhal kald\u0131raca\u011f\u0131z.<\/p><p><u>Telif Hakk\u0131<\/u><\/p><p>Web sitemizde yay\u0131nlanan i\u00e7erikler ve eserler Alman telif hakk\u0131 yasas\u0131na tabidir (<a href=\"http:\/\/www.gesetze-im-internet.de\/bundesrecht\/urhg\/gesamt.pdf\" target=\"_blank\" rel=\"noopener noreferrer\" data-extlink=\"\">http:\/\/www.gesetze-im-internet.de\/bundesrecht\/urhg\/gesamt.pdf<\/a>) . Fikri m\u00fclkiyetin \u00e7o\u011falt\u0131lmas\u0131, uyarlanmas\u0131, da\u011f\u0131t\u0131m\u0131 ve telif hakk\u0131 s\u0131n\u0131rlar\u0131 d\u0131\u015f\u0131nda eser sahibinin ideal ve maddi g\u00f6r\u00fcn\u00fcm\u00fcnden her t\u00fcrl\u00fc yararlanma, Telif Hakk\u0131 Yasas\u0131 anlam\u0131nda ilgili eser sahibinin \u00f6nceden yaz\u0131l\u0131 onay\u0131n\u0131 gerektirir (<a href=\"http:\/\/www.gesetze-im-internet.de\/bundesrecht\/urhg\/gesamt.pdf\" target=\"_blank\" rel=\"noopener noreferrer\" data-extlink=\"\">http:\/\/www.gesetze-im-internet.de\/bundesrecht\/urhg\/gesamt.pdf<\/a>\u00a0). Bu sayfan\u0131n indirilmesine ve kopyalanmas\u0131na yaln\u0131zca \u00f6zel ve ticari olmayan kullan\u0131m i\u00e7in izin verilir. Web sitemizdeki i\u00e7erik bizim taraf\u0131m\u0131zdan olu\u015fturulmam\u0131\u015fsa, \u00fc\u00e7\u00fcnc\u00fc taraflar\u0131n telif haklar\u0131na uyulmal\u0131d\u0131r. \u00dc\u00e7\u00fcnc\u00fc taraf i\u00e7eri\u011fi bu \u015fekilde tan\u0131mlan\u0131r. Yine de bir telif hakk\u0131 ihlalinin fark\u0131na var\u0131rsan\u0131z, l\u00fctfen bizi uygun \u015fekilde bilgilendirin. Herhangi bir ihlalden haberdar olursak, bu t\u00fcr i\u00e7eri\u011fi derhal kald\u0131raca\u011f\u0131z.<\/p>\t\t\t\t\t\t<\/div>\n\t\t\t\t<\/div>\n\t\t\t\t\t<\/div>\n\t\t<\/div>\n\t\t\t\t\t\t\t<\/div>\n\t\t<\/section>\n\t\t\t\t<section class=\"elementor-section elementor-top-section elementor-element elementor-element-9155070 elementor-section-boxed elementor-section-height-default elementor-section-height-default\" data-id=\"9155070\" data-element_type=\"section\" data-settings=\"{&quot;background_background&quot;:&quot;classic&quot;}\">\n\t\t\t\t\t\t<div class=\"elementor-container elementor-column-gap-default\">\n\t\t\t\t\t<div class=\"elementor-column elementor-col-100 elementor-top-column elementor-element elementor-element-54f92dc\" data-id=\"54f92dc\" data-element_type=\"column\">\n\t\t\t<div class=\"elementor-widget-wrap elementor-element-populated\">\n\t\t\t\t\t\t\t\t<div class=\"elementor-element elementor-element-43ab6c9 elementor-icon-list--layout-inline elementor-align-center elementor-list-item-link-full_width elementor-widget elementor-widget-icon-list\" data-id=\"43ab6c9\" data-element_type=\"widget\" data-widget_type=\"icon-list.default\">\n\t\t\t\t<div class=\"elementor-widget-container\">\n\t\t\t<link rel=\"stylesheet\" href=\"https:\/\/serhatcokgezen.de\/wp-content\/plugins\/elementor\/assets\/css\/widget-icon-list.min.css\">\t\t<ul class=\"elementor-icon-list-items elementor-inline-items\">\n\t\t\t\t\t\t\t<li class=\"elementor-icon-list-item elementor-inline-item\">\n\t\t\t\t\t\t\t\t\t\t\t<a href=\"https:\/\/serhatcokgezen.de\/tr\/datenschutz\/\">\n\n\t\t\t\t\t\t\t\t\t\t\t<span class=\"elementor-icon-list-text\">Gizlilik Politikas\u0131<\/span>\n\t\t\t\t\t\t\t\t\t\t\t<\/a>\n\t\t\t\t\t\t\t\t\t<\/li>\n\t\t\t\t\t\t\t\t<li class=\"elementor-icon-list-item elementor-inline-item\">\n\t\t\t\t\t\t\t\t\t\t\t<a href=\"https:\/\/serhatcokgezen.de\/tr\/impressum\/\">\n\n\t\t\t\t\t\t\t\t\t\t\t<span class=\"elementor-icon-list-text\">K\u00fcnye<\/span>\n\t\t\t\t\t\t\t\t\t\t\t<\/a>\n\t\t\t\t\t\t\t\t\t<\/li>\n\t\t\t\t\t\t<\/ul>\n\t\t\t\t<\/div>\n\t\t\t\t<\/div>\n\t\t\t\t\t<\/div>\n\t\t<\/div>\n\t\t\t\t\t\t\t<\/div>\n\t\t<\/section>\n\t\t\t\t\t\t\t<\/div>","protected":false},"excerpt":{"rendered":"<p>Serhat Cokgezen Impressum Sultan CokgezenKom\u00f6dienstrasse 5250667 K\u00f6ln Kontaktaufnahme: Telefon: 0162 3662942 E-Mail: serhatcokgezen84@hotmail.de Fotografie: Orkan G\u00fcrlek GURLEK PHOTOGRAPHY Instagram: Mr.gurlek_TEL: +49 174 8727703 Videografie: Thomas Kr\u00fcgerT.K. CinematicsZum Instagram Profil Haftungsausschluss \u2013 Disclaimer: Haftung f\u00fcr Inhalte Alle Inhalte unseres Internetauftritts wurden mit gr\u00f6\u00dfter Sorgfalt und nach bestem Gewissen erstellt. F\u00fcr die Richtigkeit, Vollst\u00e4ndigkeit und Aktualit\u00e4t der [&hellip;]<\/p>","protected":false},"author":1,"featured_media":0,"parent":0,"menu_order":0,"comment_status":"closed","ping_status":"closed","template":"elementor_canvas","meta":{"footnotes":""},"class_list":["post-83","page","type-page","status-publish","hentry"],"_links":{"self":[{"href":"https:\/\/serhatcokgezen.de\/tr\/wp-json\/wp\/v2\/pages\/83","targetHints":{"allow":["GET"]}}],"collection":[{"href":"https:\/\/serhatcokgezen.de\/tr\/wp-json\/wp\/v2\/pages"}],"about":[{"href":"https:\/\/serhatcokgezen.de\/tr\/wp-json\/wp\/v2\/types\/page"}],"author":[{"embeddable":true,"href":"https:\/\/serhatcokgezen.de\/tr\/wp-json\/wp\/v2\/users\/1"}],"replies":[{"embeddable":true,"href":"https:\/\/serhatcokgezen.de\/tr\/wp-json\/wp\/v2\/comments?post=83"}],"version-history":[{"count":22,"href":"https:\/\/serhatcokgezen.de\/tr\/wp-json\/wp\/v2\/pages\/83\/revisions"}],"predecessor-version":[{"id":342,"href":"https:\/\/serhatcokgezen.de\/tr\/wp-json\/wp\/v2\/pages\/83\/revisions\/342"}],"wp:attachment":[{"href":"https:\/\/serhatcokgezen.de\/tr\/wp-json\/wp\/v2\/media?parent=83"}],"curies":[{"name":"wp","href":"https:\/\/api.w.org\/{rel}","templated":true}]}}